{"id":143,"date":"2026-03-18T09:14:56","date_gmt":"2026-03-18T09:14:56","guid":{"rendered":"https:\/\/bedandbreakfastinzwolle.nl\/?page_id=143"},"modified":"2026-03-18T09:14:56","modified_gmt":"2026-03-18T09:14:56","slug":"stadslogement-bij-de-sassenpoort-expats","status":"publish","type":"page","link":"https:\/\/bedandbreakfastinzwolle.nl\/index.php\/stadslogement-bij-de-sassenpoort-expats\/","title":{"rendered":"Stadslogement bij de Sassenpoort\/Expats"},"content":{"rendered":"\n<figure class=\"wp-block-image size-large\"><img loading=\"lazy\" decoding=\"async\" width=\"1024\" height=\"461\" src=\"https:\/\/bedandbreakfastinzwolle.nl\/wp-content\/uploads\/2026\/03\/20251115_144303-1024x461.jpg\" alt=\"\" class=\"wp-image-170\" srcset=\"https:\/\/bedandbreakfastinzwolle.nl\/wp-content\/uploads\/2026\/03\/20251115_144303-1024x461.jpg 1024w, https:\/\/bedandbreakfastinzwolle.nl\/wp-content\/uploads\/2026\/03\/20251115_144303-300x135.jpg 300w, https:\/\/bedandbreakfastinzwolle.nl\/wp-content\/uploads\/2026\/03\/20251115_144303-768x346.jpg 768w, https:\/\/bedandbreakfastinzwolle.nl\/wp-content\/uploads\/2026\/03\/20251115_144303-1536x692.jpg 1536w, https:\/\/bedandbreakfastinzwolle.nl\/wp-content\/uploads\/2026\/03\/20251115_144303-2048x922.jpg 2048w\" sizes=\"auto, (max-width: 1024px) 100vw, 1024px\" \/><figcaption class=\"wp-element-caption\">8C<\/figcaption><\/figure>\n\n\n\n<div class=\"wp-block-group alignfull has-global-padding is-layout-constrained wp-container-core-group-is-layout-0c9c989a wp-block-group-is-layout-constrained\" style=\"min-height:0vh;margin-top:0;margin-bottom:0;padding-top:var(--wp--preset--spacing--70);padding-right:var(--wp--preset--spacing--40);padding-bottom:var(--wp--preset--spacing--70);padding-left:var(--wp--preset--spacing--40)\">\n<div class=\"wp-block-group has-global-padding is-layout-constrained wp-container-core-group-is-layout-346627ba wp-block-group-is-layout-constrained\">\n<h2 class=\"wp-block-heading has-text-align-center has-xx-large-font-size\" style=\"margin-right:0;margin-left:0;padding-right:0;padding-left:0\">Onze diverse appartementen<\/h2>\n\n\n\n<p class=\"has-text-align-center\">Appartementen 8, 8B, 8C, 8D, 8E en 8F&nbsp;<\/p>\n\n\n\n<p class=\"has-text-align-center\">U kunt ook verblijven in ons Stadslogement Bij de Sassenpoort, gevestigd in een rijksmonument uit 1775 dat in 2008 volledig gerenoveerd is.<br><br>Alle appartementen beschikken over:<br><br>Priv\u00e9keuken<br>Eigen badkamer<br>Zitje en eethoek<br><\/p>\n\n\n\n<p class=\"has-text-align-center\"><strong>Appartement 8<\/strong>&nbsp;bevindt zich in het&nbsp;hart van Zwolle&nbsp;en is geschikt voor&nbsp;2 personen. De accommodatie beschikt over een&nbsp;tweepersoonsbed&nbsp;, een&nbsp;priv\u00e9keuken, een&nbsp;eigen badkamer met douche, een&nbsp;zitgedeelte, wasmachine&nbsp;en een&nbsp;eethoek.&nbsp;Koffie- en theefaciliteiten&nbsp;zijn aanwezig voor extra comfort.<br><br><strong>Appartement 8C<\/strong> biedt ruimte voor 3 personen, met een slaapbank en een tweepersoonsbed. U vindt hier een priv\u00e9keuken, een eigen badkamer, een gezellig zitgedeelte en een eethoek.<br>Koffie- en theefaciliteiten&nbsp;zorgen voor een aangenaam verblijf.<\/p>\n\n\n\n<p class=\"has-text-align-center\"><strong>Appartement 8D<\/strong>&nbsp;is geschikt voor&nbsp;2 personen. Het beschikt over een&nbsp;tweepersoonsbed, een&nbsp;priv\u00e9keuken, wasmachine, een&nbsp;eigen badkamer met douche, een&nbsp;zitgedeelte&nbsp;en een&nbsp;eethoek.<br>Koffie- en theefaciliteiten&nbsp;zijn aanwezig. dit betreft een short stay appartement, dus minimaal 7 nachten.<\/p>\n\n\n\n<p class=\"has-text-align-center\"><strong>Appartement 8E<\/strong> is geschikt voor 3 personen en beschikt over&nbsp;2 slaapkamers: \u00e9\u00e9n slaapkamer met een&nbsp;tweepersoonsbed&nbsp;en \u00e9\u00e9n&nbsp;eenpersoons slaapkamer. Daarnaast is er een&nbsp;wasmachine aanwezig.<br>Het appartement heeft een priv\u00e9keuken, een eigen badkamer, een zitgedeelte en een eethoek. Koffie- en theefaciliteiten&nbsp;zijn aanwezig.<br><br>Dit is&nbsp;ons ruimste appartement&nbsp;en daardoor&nbsp;zeer geschikt voor een lang verblijf (maximaal 6 maanden).<\/p>\n\n\n\n<p class=\"has-text-align-center\"><strong>Appartement 8F<\/strong>&nbsp;biedt ruimte voor&nbsp;4 personen&nbsp;met&nbsp;twee tweepersoonsbedden. Daarnaast beschikt het over een&nbsp;priv\u00e9keuken, een&nbsp;eigen badkamer met douche, een&nbsp;zitgedeelte&nbsp;en een&nbsp;eethoek.<br>Koffie- en theefaciliteiten&nbsp;zijn inbegrepen.<br><br><br><strong>Studio Goudsteeg 19<\/strong> biedt ruimte voor 2 personen, beschikt over een keuken en badkamer, met wasmachine. Deze studio wordt gebruikt voor minimaal 7 nachten, zeer geschikt voor expats.&nbsp;<br>Koffie en thee faciliteiten zijn inbegrepen.&nbsp;<br><br>Ontbijt&nbsp;<\/p>\n\n\n\n<p class=\"has-text-align-center\">&nbsp;is&nbsp;niet inbegrepen, maar kan optioneel worden toegevoegd voor&nbsp;\u20ac18 per persoon per nacht.<\/p>\n\n\n\n<div class=\"wp-block-buttons is-content-justification-center is-layout-flex wp-container-core-buttons-is-layout-a89b3969 wp-block-buttons-is-layout-flex\">\n<div class=\"wp-block-button\"><a class=\"wp-block-button__link wp-element-button\">reserveer of check beschikbaarheid<\/a><\/div>\n<\/div>\n<\/div>\n<\/div>\n\n\n\n<div class=\"wp-block-group alignfull has-global-padding is-layout-constrained wp-container-core-group-is-layout-ebee8dc1 wp-block-group-is-layout-constrained\" style=\"margin-top:0;margin-bottom:0;padding-top:var(--wp--preset--spacing--50);padding-bottom:var(--wp--preset--spacing--50)\">\n<h2 class=\"wp-block-heading alignwide\">Onze appartementen<\/h2>\n\n\n\n<div class=\"wp-block-columns alignwide is-layout-flex wp-container-core-columns-is-layout-28f84493 wp-block-columns-is-layout-flex\">\n<div class=\"wp-block-column is-layout-flow wp-block-column-is-layout-flow\">\n<figure class=\"wp-block-image size-full\" style=\"margin-bottom:24px\"><img loading=\"lazy\" decoding=\"async\" width=\"2000\" height=\"1500\" src=\"https:\/\/bedandbreakfastinzwolle.nl\/wp-content\/uploads\/2026\/03\/IMG-20251118-WA0018.jpg\" alt=\"\" class=\"wp-image-47\" style=\"aspect-ratio:4\/3;object-fit:cover\" srcset=\"https:\/\/bedandbreakfastinzwolle.nl\/wp-content\/uploads\/2026\/03\/IMG-20251118-WA0018.jpg 2000w, https:\/\/bedandbreakfastinzwolle.nl\/wp-content\/uploads\/2026\/03\/IMG-20251118-WA0018-300x225.jpg 300w, https:\/\/bedandbreakfastinzwolle.nl\/wp-content\/uploads\/2026\/03\/IMG-20251118-WA0018-1024x768.jpg 1024w, https:\/\/bedandbreakfastinzwolle.nl\/wp-content\/uploads\/2026\/03\/IMG-20251118-WA0018-768x576.jpg 768w, https:\/\/bedandbreakfastinzwolle.nl\/wp-content\/uploads\/2026\/03\/IMG-20251118-WA0018-1536x1152.jpg 1536w\" sizes=\"auto, (max-width: 2000px) 100vw, 2000px\" \/><\/figure>\n\n\n\n<h3 class=\"wp-block-heading\">appartement 8<\/h3>\n\n\n\n<div class=\"wp-block-buttons is-layout-flex wp-block-buttons-is-layout-flex\">\n<div class=\"wp-block-button\"><a class=\"wp-block-button__link wp-element-button\" href=\"http:\/\/<a href=&quot;https:\/\/booking.roomraccoon.nl\/stadslogement-bij-de-sassenpoort\/nl\/#128515&quot; target=&quot;_blank&quot; class=&quot;RoomRaccoonButton1 RoomRaccoonButton1-nl&quot; style=&quot;position:relative; font-size:17px; line-height:36px; padding:7px 16px; border:none; border-radius:5px; background:#258175; color:#fff; cursor:pointer; text-decoration:none;&quot;&gt;Boeken<\/a&gt;\">Reserveer of check beschikbaarheid<\/a><\/div>\n<\/div>\n\n\n\n<figure class=\"wp-block-image size-large\"><img loading=\"lazy\" decoding=\"async\" width=\"1024\" height=\"768\" src=\"https:\/\/bedandbreakfastinzwolle.nl\/wp-content\/uploads\/2026\/03\/IMG-20241202-WA0008-1-1024x768.jpg\" alt=\"\" class=\"wp-image-59\" srcset=\"https:\/\/bedandbreakfastinzwolle.nl\/wp-content\/uploads\/2026\/03\/IMG-20241202-WA0008-1-1024x768.jpg 1024w, https:\/\/bedandbreakfastinzwolle.nl\/wp-content\/uploads\/2026\/03\/IMG-20241202-WA0008-1-300x225.jpg 300w, https:\/\/bedandbreakfastinzwolle.nl\/wp-content\/uploads\/2026\/03\/IMG-20241202-WA0008-1-768x576.jpg 768w, https:\/\/bedandbreakfastinzwolle.nl\/wp-content\/uploads\/2026\/03\/IMG-20241202-WA0008-1-1536x1152.jpg 1536w, https:\/\/bedandbreakfastinzwolle.nl\/wp-content\/uploads\/2026\/03\/IMG-20241202-WA0008-1.jpg 2000w\" sizes=\"auto, (max-width: 1024px) 100vw, 1024px\" \/><figcaption class=\"wp-element-caption\"><strong>Appartement 8E<\/strong><\/figcaption><\/figure>\n\n\n\n<div class=\"wp-block-buttons is-layout-flex wp-block-buttons-is-layout-flex\">\n<div class=\"wp-block-button\"><a class=\"wp-block-button__link wp-element-button\" href=\"http:\/\/<a href=&quot;https:\/\/booking.roomraccoon.nl\/stadslogement-bij-de-sassenpoort\/nl\/#128518&quot; target=&quot;_blank&quot; class=&quot;RoomRaccoonButton1 RoomRaccoonButton1-nl&quot; style=&quot;position:relative; font-size:17px; line-height:36px; padding:7px 16px; border:none; border-radius:5px; background:#258175; color:#fff; cursor:pointer; text-decoration:none;&quot;&gt;Boeken<\/a&gt;\">Reserveer of check beschikbaarheid<\/a><\/div>\n<\/div>\n<\/div>\n\n\n\n<div class=\"wp-block-column is-layout-flow wp-block-column-is-layout-flow\">\n<figure class=\"wp-block-image size-full\" style=\"margin-bottom:24px\"><img loading=\"lazy\" decoding=\"async\" width=\"2560\" height=\"1153\" src=\"https:\/\/bedandbreakfastinzwolle.nl\/wp-content\/uploads\/2026\/03\/20251115_143240-1-scaled.jpg\" alt=\"\" class=\"wp-image-45\" style=\"aspect-ratio:4\/3;object-fit:cover\" srcset=\"https:\/\/bedandbreakfastinzwolle.nl\/wp-content\/uploads\/2026\/03\/20251115_143240-1-scaled.jpg 2560w, https:\/\/bedandbreakfastinzwolle.nl\/wp-content\/uploads\/2026\/03\/20251115_143240-1-300x135.jpg 300w, https:\/\/bedandbreakfastinzwolle.nl\/wp-content\/uploads\/2026\/03\/20251115_143240-1-1024x461.jpg 1024w, https:\/\/bedandbreakfastinzwolle.nl\/wp-content\/uploads\/2026\/03\/20251115_143240-1-768x346.jpg 768w, https:\/\/bedandbreakfastinzwolle.nl\/wp-content\/uploads\/2026\/03\/20251115_143240-1-1536x692.jpg 1536w, https:\/\/bedandbreakfastinzwolle.nl\/wp-content\/uploads\/2026\/03\/20251115_143240-1-2048x922.jpg 2048w\" sizes=\"auto, (max-width: 2560px) 100vw, 2560px\" \/><\/figure>\n\n\n\n<h3 class=\"wp-block-heading\">Appartement 8C<\/h3>\n\n\n\n<div class=\"wp-block-buttons is-layout-flex wp-block-buttons-is-layout-flex\">\n<div class=\"wp-block-button\"><a class=\"wp-block-button__link wp-element-button\" href=\"http:\/\/<a href=&quot;https:\/\/booking.roomraccoon.nl\/stadslogement-bij-de-sassenpoort\/nl\/#128516&quot; target=&quot;_blank&quot; class=&quot;RoomRaccoonButton1 RoomRaccoonButton1-nl&quot; style=&quot;position:relative; font-size:17px; line-height:36px; padding:7px 16px; border:none; border-radius:5px; background:#258175; color:#fff; cursor:pointer; text-decoration:none;&quot;&gt;Boeken<\/a&gt;\">Reserveer of check beschikbaarheid<\/a><\/div>\n<\/div>\n\n\n\n<figure class=\"wp-block-image size-large\"><img loading=\"lazy\" decoding=\"async\" width=\"1024\" height=\"461\" src=\"https:\/\/bedandbreakfastinzwolle.nl\/wp-content\/uploads\/2026\/03\/20251116_131233-1024x461.jpg\" alt=\"\" class=\"wp-image-44\" srcset=\"https:\/\/bedandbreakfastinzwolle.nl\/wp-content\/uploads\/2026\/03\/20251116_131233-1024x461.jpg 1024w, https:\/\/bedandbreakfastinzwolle.nl\/wp-content\/uploads\/2026\/03\/20251116_131233-300x135.jpg 300w, https:\/\/bedandbreakfastinzwolle.nl\/wp-content\/uploads\/2026\/03\/20251116_131233-768x346.jpg 768w, https:\/\/bedandbreakfastinzwolle.nl\/wp-content\/uploads\/2026\/03\/20251116_131233-1536x692.jpg 1536w, https:\/\/bedandbreakfastinzwolle.nl\/wp-content\/uploads\/2026\/03\/20251116_131233-2048x922.jpg 2048w\" sizes=\"auto, (max-width: 1024px) 100vw, 1024px\" \/><figcaption class=\"wp-element-caption\"><strong>Appartement 8F<\/strong><\/figcaption><\/figure>\n\n\n\n<div class=\"wp-block-buttons is-layout-flex wp-block-buttons-is-layout-flex\">\n<div class=\"wp-block-button\"><a class=\"wp-block-button__link wp-element-button\" href=\"http:\/\/<a href=&quot;https:\/\/booking.roomraccoon.nl\/stadslogement-bij-de-sassenpoort\/nl\/#128514&quot; target=&quot;_blank&quot; class=&quot;RoomRaccoonButton1 RoomRaccoonButton1-nl&quot; style=&quot;position:relative; font-size:17px; line-height:36px; padding:7px 16px; border:none; border-radius:5px; background:#258175; color:#fff; cursor:pointer; text-decoration:none;&quot;&gt;Boeken<\/a&gt;\">Reserveer of check beschikbaarheid<\/a><\/div>\n<\/div>\n<\/div>\n\n\n\n<div class=\"wp-block-column is-layout-flow wp-block-column-is-layout-flow\">\n<figure class=\"wp-block-image size-full\" style=\"margin-bottom:24px\"><img loading=\"lazy\" decoding=\"async\" width=\"2000\" height=\"1500\" src=\"https:\/\/bedandbreakfastinzwolle.nl\/wp-content\/uploads\/2026\/03\/IMG-20251118-WA0010.jpg\" alt=\"\" class=\"wp-image-48\" style=\"aspect-ratio:4\/3;object-fit:cover\" srcset=\"https:\/\/bedandbreakfastinzwolle.nl\/wp-content\/uploads\/2026\/03\/IMG-20251118-WA0010.jpg 2000w, https:\/\/bedandbreakfastinzwolle.nl\/wp-content\/uploads\/2026\/03\/IMG-20251118-WA0010-300x225.jpg 300w, https:\/\/bedandbreakfastinzwolle.nl\/wp-content\/uploads\/2026\/03\/IMG-20251118-WA0010-1024x768.jpg 1024w, https:\/\/bedandbreakfastinzwolle.nl\/wp-content\/uploads\/2026\/03\/IMG-20251118-WA0010-768x576.jpg 768w, https:\/\/bedandbreakfastinzwolle.nl\/wp-content\/uploads\/2026\/03\/IMG-20251118-WA0010-1536x1152.jpg 1536w\" sizes=\"auto, (max-width: 2000px) 100vw, 2000px\" \/><\/figure>\n\n\n\n<h3 class=\"wp-block-heading\">Appartement 8D<\/h3>\n\n\n\n<div class=\"wp-block-buttons is-layout-flex wp-block-buttons-is-layout-flex\">\n<div class=\"wp-block-button\"><a class=\"wp-block-button__link wp-element-button\" href=\"http:\/\/<a href=&quot;https:\/\/booking.roomraccoon.nl\/stadslogement-bij-de-sassenpoort\/nl\/#128517&quot; target=&quot;_blank&quot; class=&quot;RoomRaccoonButton1 RoomRaccoonButton1-nl&quot; style=&quot;position:relative; font-size:17px; line-height:36px; padding:7px 16px; border:none; border-radius:5px; background:#258175; color:#fff; cursor:pointer; text-decoration:none;&quot;&gt;Boeken<\/a&gt;\">Reserveer of check beschikbaarheid<\/a><\/div>\n<\/div>\n\n\n\n<figure class=\"wp-block-image size-large\"><img loading=\"lazy\" decoding=\"async\" width=\"1024\" height=\"768\" src=\"https:\/\/bedandbreakfastinzwolle.nl\/wp-content\/uploads\/2026\/03\/1000033775-1024x768.jpg\" alt=\"\" class=\"wp-image-41\" srcset=\"https:\/\/bedandbreakfastinzwolle.nl\/wp-content\/uploads\/2026\/03\/1000033775-1024x768.jpg 1024w, https:\/\/bedandbreakfastinzwolle.nl\/wp-content\/uploads\/2026\/03\/1000033775-300x225.jpg 300w, https:\/\/bedandbreakfastinzwolle.nl\/wp-content\/uploads\/2026\/03\/1000033775-768x576.jpg 768w, https:\/\/bedandbreakfastinzwolle.nl\/wp-content\/uploads\/2026\/03\/1000033775-1536x1152.jpg 1536w, https:\/\/bedandbreakfastinzwolle.nl\/wp-content\/uploads\/2026\/03\/1000033775-2048x1536.jpg 2048w\" sizes=\"auto, (max-width: 1024px) 100vw, 1024px\" \/><figcaption class=\"wp-element-caption\"><strong>Appartement Goudsteeg 19<\/strong><\/figcaption><\/figure>\n\n\n\n<div class=\"wp-block-buttons is-layout-flex wp-block-buttons-is-layout-flex\">\n<div class=\"wp-block-button\"><a class=\"wp-block-button__link wp-element-button\" href=\"http:\/\/<a href=&quot;https:\/\/booking.roomraccoon.nl\/stadslogement-bij-de-sassenpoort\/nl\/#128513&quot; target=&quot;_blank&quot; class=&quot;RoomRaccoonButton1 RoomRaccoonButton1-nl&quot; style=&quot;position:relative; font-size:17px; line-height:36px; padding:7px 16px; border:none; border-radius:5px; background:#258175; color:#fff; cursor:pointer; text-decoration:none;&quot;&gt;Boeken<\/a&gt;\">Reserveer of check beschikbaarheid<\/a><\/div>\n<\/div>\n<\/div>\n<\/div>\n<\/div>\n","protected":false},"excerpt":{"rendered":"<p>Onze diverse appartementen Appartementen 8, 8B, 8C, 8D, 8E en 8F&nbsp; U kunt ook verblijven in ons Stadslogement Bij de Sassenpoort, gevestigd in een rijksmonument uit 1775 dat in 2008 volledig gerenoveerd is. Alle appartementen beschikken over: Priv\u00e9keukenEigen badkamerZitje en eethoek Appartement 8&nbsp;bevindt zich in het&nbsp;hart van Zwolle&nbsp;en is geschikt voor&nbsp;2 personen. De accommodatie beschikt [&hellip;]<\/p>\n","protected":false},"author":1,"featured_media":0,"parent":0,"menu_order":2,"comment_status":"closed","ping_status":"closed","template":"","meta":{"footnotes":""},"class_list":["post-143","page","type-page","status-publish","hentry"],"_links":{"self":[{"href":"https:\/\/bedandbreakfastinzwolle.nl\/index.php\/wp-json\/wp\/v2\/pages\/143","targetHints":{"allow":["GET"]}}],"collection":[{"href":"https:\/\/bedandbreakfastinzwolle.nl\/index.php\/wp-json\/wp\/v2\/pages"}],"about":[{"href":"https:\/\/bedandbreakfastinzwolle.nl\/index.php\/wp-json\/wp\/v2\/types\/page"}],"author":[{"embeddable":true,"href":"https:\/\/bedandbreakfastinzwolle.nl\/index.php\/wp-json\/wp\/v2\/users\/1"}],"replies":[{"embeddable":true,"href":"https:\/\/bedandbreakfastinzwolle.nl\/index.php\/wp-json\/wp\/v2\/comments?post=143"}],"version-history":[{"count":7,"href":"https:\/\/bedandbreakfastinzwolle.nl\/index.php\/wp-json\/wp\/v2\/pages\/143\/revisions"}],"predecessor-version":[{"id":241,"href":"https:\/\/bedandbreakfastinzwolle.nl\/index.php\/wp-json\/wp\/v2\/pages\/143\/revisions\/241"}],"wp:attachment":[{"href":"https:\/\/bedandbreakfastinzwolle.nl\/index.php\/wp-json\/wp\/v2\/media?parent=143"}],"curies":[{"name":"wp","href":"https:\/\/api.w.org\/{rel}","templated":true}]}}